{"id":19375,"date":"2026-02-20T12:09:22","date_gmt":"2026-02-20T12:09:22","guid":{"rendered":"https:\/\/kyungchang.com.tr\/?post_type=product&#038;p=19375"},"modified":"2026-03-24T19:30:43","modified_gmt":"2026-03-24T19:30:43","slug":"47-60r-a1-pc","status":"publish","type":"product","link":"https:\/\/kyungchang.com.tr\/ko\/product\/47-60r-a1-pc\/","title":{"rendered":"47 60R A1 PC"},"content":{"rendered":"","protected":false},"excerpt":{"rendered":"<div class=\"product-shortdesc\">\n<h2><strong>\uace0\ud558\uc911\uc6a9 \uce90\uc2a4\ud130<\/strong><\/h2>\n<ul>\n<li>\uc774\uc911 \uc5f4 \ubcfc \ubca0\uc5b4\ub9c1 \ub808\uc774\uc2a4\uc6e8\uc774 \uad6c\uc870<\/li>\n<li>\uadf8\ub9ac\uc2a4 \ub2c8\ud50c(\uc724\ud65c \ub2c8\ud50c)<\/li>\n<li>Opsiyonel Tekerlek Freni (Patentli \u00dcr\u00fcn)<\/li>\n<li>RENAULT SAMSUNG nezdinde kay\u0131tl\u0131\/onayl\u0131 \u00fcr\u00fcnd\u00fcr<\/li>\n<\/ul>\n<p><a class=\"product-cta__btn\" href=\"\/ko\/%ed%86%b5%ec%8b%a0\/\">\uc790\uc138\ud55c \uc815\ubcf4 \ubc0f \uc8fc\ubb38 \ubb38\uc758\ub294 \uc800\ud76c\uc5d0\uac8c \uc5f0\ub77d\uc8fc\uc138\uc694<\/a><\/p>\n<\/div>\n<div class=\"product-variationdesc\"><a href=\"https:\/\/kyungchang.com.tr\/ko\/product\/47-60s-a1-pc\/\" data-tooltip=\"96 80S A\\* PC\"><img decoding=\"async\" class=\"alignnone size-medium wp-image-1203\" src=\"https:\/\/kyungchang.com.tr\/wp-content\/uploads\/418798947.png\" alt=\"\" width=\"100\" height=\"100\" \/><\/a><br \/>\n<a href=\"https:\/\/kyungchang.com.tr\/ko\/product\/47-60r-a1-pc\/\" data-tooltip=\"96 80R A\\* PC\"><img decoding=\"async\" class=\"alignnone size-medium wp-image-1203\" src=\"https:\/\/kyungchang.com.tr\/wp-content\/uploads\/418798945.png\" alt=\"\" width=\"100\" height=\"100\" \/><\/a><br \/>\n<a href=\"https:\/\/kyungchang.com.tr\/ko\/product\/47-60s-a1-pc-frenli\/\" data-tooltip=\"96 80S A\\* PC (Frenli)\"><img decoding=\"async\" class=\"alignnone size-medium wp-image-1203\" src=\"https:\/\/kyungchang.com.tr\/wp-content\/uploads\/418798949.png\" alt=\"\" width=\"100\" height=\"100\" \/><\/a><\/div>","protected":false},"featured_media":20831,"comment_status":"closed","ping_status":"closed","template":"","meta":[],"product_brand":[],"product_cat":[180],"product_tag":[],"class_list":{"0":"post-19375","1":"product","2":"type-product","3":"status-publish","4":"has-post-thumbnail","6":"product_cat-agir-yuk-tekerleri","7":"pa_aks-capi-o12-7","8":"pa_baglanti-sekli-duz-tip","9":"pa_donus-yaricapi-112-mm","10":"pa_rulet-tipi-sabit","11":"pa_rulman-tipi-bilyali","12":"pa_tasima-kapasitesi-kg-400-kg","13":"pa_teker-capi-152-mm","14":"pa_teker-genisligi-48-mm","15":"pa_teker-malzemesi-poliuretan","16":"pa_urun-serisi-47-serisi","17":"pa_yukseklik-190-mm","19":"first","20":"instock","21":"downloadable","22":"taxable","23":"shipping-taxable","24":"product-type-simple"},"_links":{"self":[{"href":"https:\/\/kyungchang.com.tr\/ko\/wp-json\/wp\/v2\/product\/19375","targetHints":{"allow":["GET"]}}],"collection":[{"href":"https:\/\/kyungchang.com.tr\/ko\/wp-json\/wp\/v2\/product"}],"about":[{"href":"https:\/\/kyungchang.com.tr\/ko\/wp-json\/wp\/v2\/types\/product"}],"replies":[{"embeddable":true,"href":"https:\/\/kyungchang.com.tr\/ko\/wp-json\/wp\/v2\/comments?post=19375"}],"wp:featuredmedia":[{"embeddable":true,"href":"https:\/\/kyungchang.com.tr\/ko\/wp-json\/wp\/v2\/media\/20831"}],"wp:attachment":[{"href":"https:\/\/kyungchang.com.tr\/ko\/wp-json\/wp\/v2\/media?parent=19375"}],"wp:term":[{"taxonomy":"product_brand","embeddable":true,"href":"https:\/\/kyungchang.com.tr\/ko\/wp-json\/wp\/v2\/product_brand?post=19375"},{"taxonomy":"product_cat","embeddable":true,"href":"https:\/\/kyungchang.com.tr\/ko\/wp-json\/wp\/v2\/product_cat?post=19375"},{"taxonomy":"product_tag","embeddable":true,"href":"https:\/\/kyungchang.com.tr\/ko\/wp-json\/wp\/v2\/product_tag?post=19375"}],"curies":[{"name":"wp","href":"https:\/\/api.w.org\/{rel}","templated":true}]}}